{"id":20,"date":"2024-01-16T20:36:20","date_gmt":"2024-01-16T20:36:20","guid":{"rendered":"http:\/\/www.atd.net.tr\/?page_id=20"},"modified":"2024-01-16T20:36:20","modified_gmt":"2024-01-16T20:36:20","slug":"tuzugumuz","status":"publish","type":"page","link":"http:\/\/www.atd.net.tr\/?page_id=20","title":{"rendered":"T\u00fcz\u00fc\u011f\u00fcm\u00fcz"},"content":{"rendered":"","protected":false},"excerpt":{"rendered":"","protected":false},"author":2,"featured_media":0,"parent":0,"menu_order":0,"comment_status":"closed","ping_status":"closed","template":"","meta":{"footnotes":""},"_links":{"self":[{"href":"http:\/\/www.atd.net.tr\/index.php?rest_route=\/wp\/v2\/pages\/20"}],"collection":[{"href":"http:\/\/www.atd.net.tr\/index.php?rest_route=\/wp\/v2\/pages"}],"about":[{"href":"http:\/\/www.atd.net.tr\/index.php?rest_route=\/wp\/v2\/types\/page"}],"author":[{"embeddable":true,"href":"http:\/\/www.atd.net.tr\/index.php?rest_route=\/wp\/v2\/users\/2"}],"replies":[{"embeddable":true,"href":"http:\/\/www.atd.net.tr\/index.php?rest_route=%2Fwp%2Fv2%2Fcomments&post=20"}],"version-history":[{"count":1,"href":"http:\/\/www.atd.net.tr\/index.php?rest_route=\/wp\/v2\/pages\/20\/revisions"}],"predecessor-version":[{"id":21,"href":"http:\/\/www.atd.net.tr\/index.php?rest_route=\/wp\/v2\/pages\/20\/revisions\/21"}],"wp:attachment":[{"href":"http:\/\/www.atd.net.tr\/index.php?rest_route=%2Fwp%2Fv2%2Fmedia&parent=20"}],"curies":[{"name":"wp","href":"https:\/\/api.w.org\/{rel}","templated":true}]}}