{"id":22,"date":"2024-01-16T20:37:04","date_gmt":"2024-01-16T20:37:04","guid":{"rendered":"http:\/\/www.atd.net.tr\/?page_id=22"},"modified":"2024-01-16T20:37:04","modified_gmt":"2024-01-16T20:37:04","slug":"sinava-hazirlanalim","status":"publish","type":"page","link":"http:\/\/www.atd.net.tr\/?page_id=22","title":{"rendered":"S\u0131nava Haz\u0131rlanal\u0131m"},"content":{"rendered":"","protected":false},"excerpt":{"rendered":"","protected":false},"author":2,"featured_media":0,"parent":0,"menu_order":0,"comment_status":"closed","ping_status":"closed","template":"","meta":{"footnotes":""},"_links":{"self":[{"href":"http:\/\/www.atd.net.tr\/index.php?rest_route=\/wp\/v2\/pages\/22"}],"collection":[{"href":"http:\/\/www.atd.net.tr\/index.php?rest_route=\/wp\/v2\/pages"}],"about":[{"href":"http:\/\/www.atd.net.tr\/index.php?rest_route=\/wp\/v2\/types\/page"}],"author":[{"embeddable":true,"href":"http:\/\/www.atd.net.tr\/index.php?rest_route=\/wp\/v2\/users\/2"}],"replies":[{"embeddable":true,"href":"http:\/\/www.atd.net.tr\/index.php?rest_route=%2Fwp%2Fv2%2Fcomments&post=22"}],"version-history":[{"count":1,"href":"http:\/\/www.atd.net.tr\/index.php?rest_route=\/wp\/v2\/pages\/22\/revisions"}],"predecessor-version":[{"id":23,"href":"http:\/\/www.atd.net.tr\/index.php?rest_route=\/wp\/v2\/pages\/22\/revisions\/23"}],"wp:attachment":[{"href":"http:\/\/www.atd.net.tr\/index.php?rest_route=%2Fwp%2Fv2%2Fmedia&parent=22"}],"curies":[{"name":"wp","href":"https:\/\/api.w.org\/{rel}","templated":true}]}}